{"id":738,"date":"2022-07-06T16:58:06","date_gmt":"2022-07-06T19:58:06","guid":{"rendered":"https:\/\/previ.centralesg.com.br\/gri-2\/"},"modified":"2023-03-28T18:01:01","modified_gmt":"2023-03-28T21:01:01","slug":"gri-2","status":"publish","type":"page","link":"https:\/\/previ.centralesg.com.br\/en\/gri-2\/","title":{"rendered":"GRI"},"content":{"rendered":"\n<p>Primando por padr\u00f5es internacionais para o reporte de desempenho ASGI da Previ, o Relat\u00f3rio Anual referente ao ciclo de 2022 foi elaborado em conformidade com a Norma GRI (Global Reporting Initiative). O <em>standard\u00a0<\/em>tem como objetivo auxiliar organiza\u00e7\u00f5es a comunicar os impactos de suas a\u00e7\u00f5es voltadas a sustentabilidade e\u00a0\u00e9 aplic\u00e1vel a institui\u00e7\u00f5es de diversas naturezas, orientado e padronizando o reporte, possibilitando a compara\u00e7\u00e3o entre organiza\u00e7\u00f5es de maneira simples.<\/p>\n\n\n\n<p>Al\u00e9m disso, foi reportado o caderno setorial GRI G4 Financial Services, que conta com indicadores espec\u00edficos para institui\u00e7\u00f5es financeiras, procurando enriquecer o relat\u00f3rio. Este padr\u00e3o definido pelo GRI \u00e9 amplamente difundido, facilitando o entendimento por parte das partes envolvidos e agregando confiabilidade a divulga\u00e7\u00e3o.<\/p>\n\n\n\n<p>Os indicadores GRI podem ser buscados na p\u00e1gina de Indicadores.<\/p>\n","protected":false},"excerpt":{"rendered":"<p>Primando por padr\u00f5es internacionais para o reporte de desempenho ASGI da Previ, o Relat\u00f3rio Anual referente ao ciclo de 2022 foi elaborado em conformidade com a Norma GRI (Global Reporting Initiative). O standard\u00a0tem como objetivo auxiliar organiza\u00e7\u00f5es a comunicar os impactos de suas a\u00e7\u00f5es voltadas a sustentabilidade e\u00a0\u00e9 aplic\u00e1vel a institui\u00e7\u00f5es de diversas naturezas, orientado [&hellip;]<\/p>\n","protected":false},"author":1,"featured_media":0,"parent":0,"menu_order":0,"comment_status":"closed","ping_status":"closed","template":"page-pagina-de-conteudo.php","meta":{"inline_featured_image":false},"acf":[],"yoast_head":"<!-- This site is optimized with the Yoast SEO plugin v20.10 - https:\/\/yoast.com\/wordpress\/plugins\/seo\/ -->\n<title>GRI - Previ - Central de indicadores<\/title>\n<meta name=\"robots\" content=\"index, follow, max-snippet:-1, max-image-preview:large, max-video-preview:-1\" \/>\n<link rel=\"canonical\" href=\"https:\/\/previ.centralesg.com.br\/en\/gri-2\/\" \/>\n<meta property=\"og:locale\" content=\"en_US\" \/>\n<meta property=\"og:type\" content=\"article\" \/>\n<meta property=\"og:title\" content=\"GRI - Previ - Central de indicadores\" \/>\n<meta property=\"og:description\" content=\"Primando por padr\u00f5es internacionais para o reporte de desempenho ASGI da Previ, o Relat\u00f3rio Anual referente ao ciclo de 2022 foi elaborado em conformidade com a Norma GRI (Global Reporting Initiative). O standard\u00a0tem como objetivo auxiliar organiza\u00e7\u00f5es a comunicar os impactos de suas a\u00e7\u00f5es voltadas a sustentabilidade e\u00a0\u00e9 aplic\u00e1vel a institui\u00e7\u00f5es de diversas naturezas, orientado [&hellip;]\" \/>\n<meta property=\"og:url\" content=\"https:\/\/previ.centralesg.com.br\/en\/gri-2\/\" \/>\n<meta property=\"og:site_name\" content=\"Previ - Central de indicadores\" \/>\n<meta property=\"article:modified_time\" content=\"2023-03-28T21:01:01+00:00\" \/>\n<meta name=\"twitter:card\" content=\"summary_large_image\" \/>\n<meta name=\"twitter:label1\" content=\"Est. reading time\" \/>\n\t<meta name=\"twitter:data1\" content=\"1 minute\" \/>\n<script type=\"application\/ld+json\" class=\"yoast-schema-graph\">{\"@context\":\"https:\/\/schema.org\",\"@graph\":[{\"@type\":\"WebPage\",\"@id\":\"https:\/\/previ.centralesg.com.br\/en\/gri-2\/\",\"url\":\"https:\/\/previ.centralesg.com.br\/en\/gri-2\/\",\"name\":\"GRI - Previ - Central de indicadores\",\"isPartOf\":{\"@id\":\"https:\/\/previ.centralesg.com.br\/en\/#website\"},\"datePublished\":\"2022-07-06T19:58:06+00:00\",\"dateModified\":\"2023-03-28T21:01:01+00:00\",\"inLanguage\":\"en-US\",\"potentialAction\":[{\"@type\":\"ReadAction\",\"target\":[\"https:\/\/previ.centralesg.com.br\/en\/gri-2\/\"]}]},{\"@type\":\"WebSite\",\"@id\":\"https:\/\/previ.centralesg.com.br\/en\/#website\",\"url\":\"https:\/\/previ.centralesg.com.br\/en\/\",\"name\":\"Previ - Central de indicadores\",\"description\":\"\",\"potentialAction\":[{\"@type\":\"SearchAction\",\"target\":{\"@type\":\"EntryPoint\",\"urlTemplate\":\"https:\/\/previ.centralesg.com.br\/en\/?s={search_term_string}\"},\"query-input\":\"required name=search_term_string\"}],\"inLanguage\":\"en-US\"}]}<\/script>\n<!-- \/ Yoast SEO plugin. -->","yoast_head_json":{"title":"GRI - Previ - Central de indicadores","robots":{"index":"index","follow":"follow","max-snippet":"max-snippet:-1","max-image-preview":"max-image-preview:large","max-video-preview":"max-video-preview:-1"},"canonical":"https:\/\/previ.centralesg.com.br\/en\/gri-2\/","og_locale":"en_US","og_type":"article","og_title":"GRI - Previ - Central de indicadores","og_description":"Primando por padr\u00f5es internacionais para o reporte de desempenho ASGI da Previ, o Relat\u00f3rio Anual referente ao ciclo de 2022 foi elaborado em conformidade com a Norma GRI (Global Reporting Initiative). O standard\u00a0tem como objetivo auxiliar organiza\u00e7\u00f5es a comunicar os impactos de suas a\u00e7\u00f5es voltadas a sustentabilidade e\u00a0\u00e9 aplic\u00e1vel a institui\u00e7\u00f5es de diversas naturezas, orientado [&hellip;]","og_url":"https:\/\/previ.centralesg.com.br\/en\/gri-2\/","og_site_name":"Previ - Central de indicadores","article_modified_time":"2023-03-28T21:01:01+00:00","twitter_card":"summary_large_image","twitter_misc":{"Est. reading time":"1 minute"},"schema":{"@context":"https:\/\/schema.org","@graph":[{"@type":"WebPage","@id":"https:\/\/previ.centralesg.com.br\/en\/gri-2\/","url":"https:\/\/previ.centralesg.com.br\/en\/gri-2\/","name":"GRI - Previ - Central de indicadores","isPartOf":{"@id":"https:\/\/previ.centralesg.com.br\/en\/#website"},"datePublished":"2022-07-06T19:58:06+00:00","dateModified":"2023-03-28T21:01:01+00:00","inLanguage":"en-US","potentialAction":[{"@type":"ReadAction","target":["https:\/\/previ.centralesg.com.br\/en\/gri-2\/"]}]},{"@type":"WebSite","@id":"https:\/\/previ.centralesg.com.br\/en\/#website","url":"https:\/\/previ.centralesg.com.br\/en\/","name":"Previ - Central de indicadores","description":"","potentialAction":[{"@type":"SearchAction","target":{"@type":"EntryPoint","urlTemplate":"https:\/\/previ.centralesg.com.br\/en\/?s={search_term_string}"},"query-input":"required name=search_term_string"}],"inLanguage":"en-US"}]}},"_links":{"self":[{"href":"https:\/\/previ.centralesg.com.br\/en\/wp-json\/wp\/v2\/pages\/738"}],"collection":[{"href":"https:\/\/previ.centralesg.com.br\/en\/wp-json\/wp\/v2\/pages"}],"about":[{"href":"https:\/\/previ.centralesg.com.br\/en\/wp-json\/wp\/v2\/types\/page"}],"author":[{"embeddable":true,"href":"https:\/\/previ.centralesg.com.br\/en\/wp-json\/wp\/v2\/users\/1"}],"replies":[{"embeddable":true,"href":"https:\/\/previ.centralesg.com.br\/en\/wp-json\/wp\/v2\/comments?post=738"}],"version-history":[{"count":4,"href":"https:\/\/previ.centralesg.com.br\/en\/wp-json\/wp\/v2\/pages\/738\/revisions"}],"predecessor-version":[{"id":1414,"href":"https:\/\/previ.centralesg.com.br\/en\/wp-json\/wp\/v2\/pages\/738\/revisions\/1414"}],"wp:attachment":[{"href":"https:\/\/previ.centralesg.com.br\/en\/wp-json\/wp\/v2\/media?parent=738"}],"curies":[{"name":"wp","href":"https:\/\/api.w.org\/{rel}","templated":true}]}}