{"id":737,"date":"2022-07-06T16:58:44","date_gmt":"2022-07-06T19:58:44","guid":{"rendered":"https:\/\/previ.centralesg.com.br\/sasb\/"},"modified":"2023-03-28T18:00:33","modified_gmt":"2023-03-28T21:00:33","slug":"sasb","status":"publish","type":"page","link":"https:\/\/previ.centralesg.com.br\/en\/sasb\/","title":{"rendered":"SASB"},"content":{"rendered":"\n<p>Al\u00e9m dos padr\u00f5es determinados pela GRI, optou-se por incorporar indicadores SASB (Sustainability Accounting Standards Board) espec\u00edficos para o setor de servi\u00e7os profissionais e comerciais (Professional &amp; Commercial Services) e setor de atividades de gest\u00e3o e cust\u00f3dia de ativos (Asset Management &amp; Custody Activities). O SASB tem como objetivo manter padr\u00f5es de reporte para setores espec\u00edficos, buscando equalizar o reporte de dados financeiros e de sustentabilidade.<\/p>\n\n\n\n<p>Os indicadores SASB podem ser buscados na p\u00e1gina de Indicadores.<\/p>\n","protected":false},"excerpt":{"rendered":"<p>Al\u00e9m dos padr\u00f5es determinados pela GRI, optou-se por incorporar indicadores SASB (Sustainability Accounting Standards Board) espec\u00edficos para o setor de servi\u00e7os profissionais e comerciais (Professional &amp; Commercial Services) e setor de atividades de gest\u00e3o e cust\u00f3dia de ativos (Asset Management &amp; Custody Activities). O SASB tem como objetivo manter padr\u00f5es de reporte para setores espec\u00edficos, [&hellip;]<\/p>\n","protected":false},"author":1,"featured_media":0,"parent":0,"menu_order":0,"comment_status":"closed","ping_status":"closed","template":"page-pagina-de-conteudo.php","meta":{"inline_featured_image":false},"acf":[],"yoast_head":"<!-- This site is optimized with the Yoast SEO plugin v20.10 - https:\/\/yoast.com\/wordpress\/plugins\/seo\/ -->\n<title>SASB - Previ - Central de indicadores<\/title>\n<meta name=\"robots\" content=\"index, follow, max-snippet:-1, max-image-preview:large, max-video-preview:-1\" \/>\n<link rel=\"canonical\" href=\"https:\/\/previ.centralesg.com.br\/en\/sasb\/\" \/>\n<meta property=\"og:locale\" content=\"en_US\" \/>\n<meta property=\"og:type\" content=\"article\" \/>\n<meta property=\"og:title\" content=\"SASB - Previ - Central de indicadores\" \/>\n<meta property=\"og:description\" content=\"Al\u00e9m dos padr\u00f5es determinados pela GRI, optou-se por incorporar indicadores SASB (Sustainability Accounting Standards Board) espec\u00edficos para o setor de servi\u00e7os profissionais e comerciais (Professional &amp; Commercial Services) e setor de atividades de gest\u00e3o e cust\u00f3dia de ativos (Asset Management &amp; Custody Activities). O SASB tem como objetivo manter padr\u00f5es de reporte para setores espec\u00edficos, [&hellip;]\" \/>\n<meta property=\"og:url\" content=\"https:\/\/previ.centralesg.com.br\/en\/sasb\/\" \/>\n<meta property=\"og:site_name\" content=\"Previ - Central de indicadores\" \/>\n<meta property=\"article:modified_time\" content=\"2023-03-28T21:00:33+00:00\" \/>\n<meta name=\"twitter:card\" content=\"summary_large_image\" \/>\n<script type=\"application\/ld+json\" class=\"yoast-schema-graph\">{\"@context\":\"https:\/\/schema.org\",\"@graph\":[{\"@type\":\"WebPage\",\"@id\":\"https:\/\/previ.centralesg.com.br\/en\/sasb\/\",\"url\":\"https:\/\/previ.centralesg.com.br\/en\/sasb\/\",\"name\":\"SASB - Previ - Central de indicadores\",\"isPartOf\":{\"@id\":\"https:\/\/previ.centralesg.com.br\/en\/#website\"},\"datePublished\":\"2022-07-06T19:58:44+00:00\",\"dateModified\":\"2023-03-28T21:00:33+00:00\",\"inLanguage\":\"en-US\",\"potentialAction\":[{\"@type\":\"ReadAction\",\"target\":[\"https:\/\/previ.centralesg.com.br\/en\/sasb\/\"]}]},{\"@type\":\"WebSite\",\"@id\":\"https:\/\/previ.centralesg.com.br\/en\/#website\",\"url\":\"https:\/\/previ.centralesg.com.br\/en\/\",\"name\":\"Previ - Central de indicadores\",\"description\":\"\",\"potentialAction\":[{\"@type\":\"SearchAction\",\"target\":{\"@type\":\"EntryPoint\",\"urlTemplate\":\"https:\/\/previ.centralesg.com.br\/en\/?s={search_term_string}\"},\"query-input\":\"required name=search_term_string\"}],\"inLanguage\":\"en-US\"}]}<\/script>\n<!-- \/ Yoast SEO plugin. -->","yoast_head_json":{"title":"SASB - Previ - Central de indicadores","robots":{"index":"index","follow":"follow","max-snippet":"max-snippet:-1","max-image-preview":"max-image-preview:large","max-video-preview":"max-video-preview:-1"},"canonical":"https:\/\/previ.centralesg.com.br\/en\/sasb\/","og_locale":"en_US","og_type":"article","og_title":"SASB - Previ - Central de indicadores","og_description":"Al\u00e9m dos padr\u00f5es determinados pela GRI, optou-se por incorporar indicadores SASB (Sustainability Accounting Standards Board) espec\u00edficos para o setor de servi\u00e7os profissionais e comerciais (Professional &amp; Commercial Services) e setor de atividades de gest\u00e3o e cust\u00f3dia de ativos (Asset Management &amp; Custody Activities). O SASB tem como objetivo manter padr\u00f5es de reporte para setores espec\u00edficos, [&hellip;]","og_url":"https:\/\/previ.centralesg.com.br\/en\/sasb\/","og_site_name":"Previ - Central de indicadores","article_modified_time":"2023-03-28T21:00:33+00:00","twitter_card":"summary_large_image","schema":{"@context":"https:\/\/schema.org","@graph":[{"@type":"WebPage","@id":"https:\/\/previ.centralesg.com.br\/en\/sasb\/","url":"https:\/\/previ.centralesg.com.br\/en\/sasb\/","name":"SASB - Previ - Central de indicadores","isPartOf":{"@id":"https:\/\/previ.centralesg.com.br\/en\/#website"},"datePublished":"2022-07-06T19:58:44+00:00","dateModified":"2023-03-28T21:00:33+00:00","inLanguage":"en-US","potentialAction":[{"@type":"ReadAction","target":["https:\/\/previ.centralesg.com.br\/en\/sasb\/"]}]},{"@type":"WebSite","@id":"https:\/\/previ.centralesg.com.br\/en\/#website","url":"https:\/\/previ.centralesg.com.br\/en\/","name":"Previ - Central de indicadores","description":"","potentialAction":[{"@type":"SearchAction","target":{"@type":"EntryPoint","urlTemplate":"https:\/\/previ.centralesg.com.br\/en\/?s={search_term_string}"},"query-input":"required name=search_term_string"}],"inLanguage":"en-US"}]}},"_links":{"self":[{"href":"https:\/\/previ.centralesg.com.br\/en\/wp-json\/wp\/v2\/pages\/737"}],"collection":[{"href":"https:\/\/previ.centralesg.com.br\/en\/wp-json\/wp\/v2\/pages"}],"about":[{"href":"https:\/\/previ.centralesg.com.br\/en\/wp-json\/wp\/v2\/types\/page"}],"author":[{"embeddable":true,"href":"https:\/\/previ.centralesg.com.br\/en\/wp-json\/wp\/v2\/users\/1"}],"replies":[{"embeddable":true,"href":"https:\/\/previ.centralesg.com.br\/en\/wp-json\/wp\/v2\/comments?post=737"}],"version-history":[{"count":2,"href":"https:\/\/previ.centralesg.com.br\/en\/wp-json\/wp\/v2\/pages\/737\/revisions"}],"predecessor-version":[{"id":1412,"href":"https:\/\/previ.centralesg.com.br\/en\/wp-json\/wp\/v2\/pages\/737\/revisions\/1412"}],"wp:attachment":[{"href":"https:\/\/previ.centralesg.com.br\/en\/wp-json\/wp\/v2\/media?parent=737"}],"curies":[{"name":"wp","href":"https:\/\/api.w.org\/{rel}","templated":true}]}}